{"id":10,"date":"2012-01-21T14:17:39","date_gmt":"2012-01-21T14:17:39","guid":{"rendered":"http:\/\/www.kgfree.com\/yoga\/?page_id=10"},"modified":"2021-06-14T16:16:32","modified_gmt":"2021-06-14T16:16:32","slug":"la-rivista","status":"publish","type":"page","link":"https:\/\/centropurnayoga.it\/yoga\/la-rivista\/","title":{"rendered":"La Rivista"},"content":{"rendered":"<p><span class=\"image_styled alignleft\"><span class=\"image_frame\" style=\"width:209px;height:300px\"><a class=\"image_size_medium image_no_link\" title=\"Rivista\" href=\"#\"><img loading=\"lazy\" decoding=\"async\" width=\"209\" height=\"300\" alt=\"Rivista\" src=\"https:\/\/centropurnayoga.it\/yoga\/wp-content\/themes\/striking\/includes\/timthumb.php?src=\/wp-content\/uploads\/2012\/01\/rivista.gif&amp;h=300&amp;w=209&amp;zc=1\" \/><\/a><\/span><img decoding=\"async\" class=\"image_shadow\" width=\"211\" src=\"https:\/\/centropurnayoga.it\/yoga\/wp-content\/themes\/striking\/images\/image_shadow.png\"\/><\/span> <strong>Jyoti Yoga Darshanam\u00a0<\/strong>\u00e8 una rivista per gli iscritti al Centro con uscita trimestrale, volta all&#8217;approfondimento di interessanti temi, in genere poco trattati nelle pubblicazioni di settore.<\/p>\n<p>Il periodico cura lo studio delle antiche Scritture, non solo Yoga, viste da un&#8217;ottica diversa che ne propone i contenuti meno noti.<\/p>\n<p>Pratica e stimolante, pone domande e d\u00e0 risposte. Il suo intento \u00e8 risvegliare i semi della Conoscenza gi\u00e0 riposti nel cuore degli allievi.<\/p>\n<p>Redatta e voluta con amorevole cura, viene attesa da tutta la Scuola con molta impazienza per i suoi innumerevoli articoli che si susseguono sempre affascinanti.<\/p>\n<div style=\"width: 600px; font-size: 90%; line-height: 26px;\">\n<h4 style=\"line-height: 26px; font-size: 90%;\"><span style=\"color: #c0690b;\"> SOMMARIO N\u00b0 104 Luglio 2018<\/span><\/h4>\n<p>1 \u00a0 \u00a0 \u00a0 \u00a0 \u00a0COMMENTO YOGA SUTRA \u00a0 \u00a0 \u00a0 \u00a0 \u00a0 \u00a0 \u00a0 \u00a0di Yogacharya Mario U. Verri<\/p>\n<p>6 \u00a0 \u00a0 \u00a0 \u00a0 KUNDALINI \u00a0 \u00a0 \u00a0 \u00a0 \u00a0 \u00a0 \u00a0 \u00a0 \u00a0 \u00a0 \u00a0 \u00a0 \u00a0 \u00a0 \u00a0 \u00a0 \u00a0 \u00a0 \u00a0 \u00a0 \u00a0 di M.P. Pandit<\/p>\n<p>8 \u00a0 \u00a0 \u00a0 \u00a0 SRI VIDYA \u00a0 \u00a0 \u00a0 \u00a0 \u00a0 \u00a0 \u00a0 \u00a0 \u00a0 \u00a0 \u00a0 \u00a0 \u00a0 \u00a0 \u00a0 \u00a0 \u00a0 \u00a0 \u00a0 \u00a0 \u00a0 \u00a0 \u00a0di S.K.R. Rao<\/p>\n<p>9 \u00a0 \u00a0 \u00a0 \u00a0 LO YOGA CLASSICO \u00a0 \u00a0 \u00a0 \u00a0 \u00a0 \u00a0 \u00a0 \u00a0 \u00a0 \u00a0 \u00a0 \u00a0 \u00a0 \u00a0di Pr. D.E. Abegg<\/p>\n<p>11 \u00a0 \u00a0 \u00a0 \u00a0 SIGNIFICATO RINASCITA \u00a0 \u00a0 \u00a0 \u00a0 \u00a0 \u00a0 \u00a0 \u00a0di Sri Aurobindo<\/p>\n<p>13 \u00a0 \u00a0 \u00a0 \u00a0KUNDALINI SHAKTI \u00a0 \u00a0 \u00a0 \u00a0 \u00a0 \u00a0 \u00a0 \u00a0 \u00a0 \u00a0 \u00a0 \u00a0 \u00a0 di Gruppo Insegnanti<\/p>\n<p>16 \u00a0 \u00a0 \u00a0 \u00a0YOGA NEWS \u00a0 \u00a0 \u00a0 \u00a0 \u00a0 \u00a0 \u00a0 \u00a0 \u00a0 \u00a0 \u00a0 \u00a0 \u00a0 \u00a0 \u00a0 \u00a0 \u00a0 \u00a0 \u00a0 \u00a0 \u00a0di Yogacharya M. U. Verri<\/p>\n<p>LVII \u00a0 \u00a0SCIENZA DELL&#8217;UOMO \u00a0 \u00a0 \u00a0 \u00a0 \u00a0 \u00a0 \u00a0 \u00a0 \u00a0 \u00a0 \u00a0 di E. Krisnamacharya<\/p>\n<p>17 \u00a0 \u00a0 \u00a0 \u00a0 TAIJI \u00a0 \u00a0 \u00a0 \u00a0 \u00a0 \u00a0 \u00a0 \u00a0 \u00a0 \u00a0 \u00a0 \u00a0 \u00a0 \u00a0 \u00a0 \u00a0 \u00a0 \u00a0 \u00a0 \u00a0 \u00a0 \u00a0 \u00a0 \u00a0 \u00a0 \u00a0 \u00a0\u00a0di Yogacharya M. U. Verri<\/p>\n<p>19 \u00a0 \u00a0 \u00a0 \u00a0SULLA POSTURA SCHELETRICA \u00a0 \u00a0\u00a0di Liu Chang Jiang<\/p>\n<p>22 \u00a0 \u00a0 \u00a0 \u00a0NATIVI AMERICANI \u00a0 \u00a0 \u00a0 \u00a0 \u00a0 \u00a0 \u00a0 \u00a0 \u00a0 \u00a0 \u00a0 \u00a0 \u00a0\u00a0di Yogacharya M. U. Verri<\/p>\n<p>26 \u00a0 \u00a0 \u00a0 \u00a0AYURVEDA \u00a0 \u00a0 \u00a0 \u00a0 \u00a0 \u00a0 \u00a0 \u00a0 \u00a0 \u00a0 \u00a0 \u00a0 \u00a0 \u00a0 \u00a0 \u00a0 \u00a0 \u00a0 \u00a0 \u00a0 \u00a0 \u00a0di Yogacharya M. U. Verri<\/p>\n<p>28 \u00a0 \u00a0 \u00a0 \u00a0RETI NEURALI \u00a0 \u00a0 \u00a0 \u00a0 \u00a0 \u00a0 \u00a0 \u00a0 \u00a0 \u00a0 \u00a0 \u00a0 \u00a0 \u00a0 \u00a0 \u00a0 \u00a0 \u00a0\u00a0di Yogacharya M. U. Verri<\/p>\n<p>30 \u00a0 \u00a0 \u00a0 \u00a0YOGA TERAPIA \u00a0 \u00a0 \u00a0 \u00a0 \u00a0 \u00a0 \u00a0 \u00a0 \u00a0 \u00a0 \u00a0 \u00a0 \u00a0 \u00a0 \u00a0 \u00a0 \u00a0 \u00a0\u00a0di S. Karmananda<\/p>\n<p>34 \u00a0 \u00a0 \u00a0 \u00a0MANTRA SHASTRA \u00a0 \u00a0 \u00a0 \u00a0 \u00a0 \u00a0 \u00a0 \u00a0 \u00a0 \u00a0 \u00a0 \u00a0 \u00a0 \u00a0 \u00a0di Yogacharya M. U. Verri<\/p>\n<p>36 \u00a0 \u00a0 \u00a0 \u00a0L&#8217;OASI DEL SORRISO \u00a0 \u00a0 \u00a0 \u00a0 \u00a0 \u00a0 \u00a0 \u00a0 \u00a0 \u00a0 \u00a0 \u00a0 \u00a0di Fiorella P.<br \/>\n<!--more--><\/p>\n<\/div>\n","protected":false},"excerpt":{"rendered":"<p>Jyoti Yoga Darshanam\u00a0\u00e8 una rivista per gli iscritti al Centro con uscita trimestrale, volta all&#8217;approfondimento di interessanti temi, in genere poco trattati nelle pubblicazioni di settore. Il periodico cura lo studio delle antiche Scritture, non solo Yoga, viste da un&#8217;ottica diversa che ne propone i contenuti meno noti. Pratica e stimolante, pone domande e d\u00e0 &#91;&#8230;&#93;<\/p>\n","protected":false},"author":1,"featured_media":0,"parent":0,"menu_order":0,"comment_status":"open","ping_status":"closed","template":"template_leftsidebar.php","meta":{"footnotes":""},"class_list":["post-10","page","type-page","status-publish","hentry"],"_links":{"self":[{"href":"https:\/\/centropurnayoga.it\/yoga\/wp-json\/wp\/v2\/pages\/10","targetHints":{"allow":["GET"]}}],"collection":[{"href":"https:\/\/centropurnayoga.it\/yoga\/wp-json\/wp\/v2\/pages"}],"about":[{"href":"https:\/\/centropurnayoga.it\/yoga\/wp-json\/wp\/v2\/types\/page"}],"author":[{"embeddable":true,"href":"https:\/\/centropurnayoga.it\/yoga\/wp-json\/wp\/v2\/users\/1"}],"replies":[{"embeddable":true,"href":"https:\/\/centropurnayoga.it\/yoga\/wp-json\/wp\/v2\/comments?post=10"}],"version-history":[{"count":57,"href":"https:\/\/centropurnayoga.it\/yoga\/wp-json\/wp\/v2\/pages\/10\/revisions"}],"predecessor-version":[{"id":1756,"href":"https:\/\/centropurnayoga.it\/yoga\/wp-json\/wp\/v2\/pages\/10\/revisions\/1756"}],"wp:attachment":[{"href":"https:\/\/centropurnayoga.it\/yoga\/wp-json\/wp\/v2\/media?parent=10"}],"curies":[{"name":"wp","href":"https:\/\/api.w.org\/{rel}","templated":true}]}}