{"id":12,"date":"2012-01-21T14:17:55","date_gmt":"2012-01-21T14:17:55","guid":{"rendered":"http:\/\/www.kgfree.com\/yoga\/?page_id=12"},"modified":"2025-06-20T18:24:10","modified_gmt":"2025-06-20T18:24:10","slug":"i-libri","status":"publish","type":"page","link":"https:\/\/centropurnayoga.it\/yoga\/i-libri\/","title":{"rendered":"I Libri"},"content":{"rendered":"<p>Le <strong>opere<\/strong> che presentiamo sono il frutto del lavoro appassionato di ricercatori e studiosi della disciplina Yoga, in alcuni casi su fonti manoscritte originarie, nell\u2019intento di offrire agli interessati un riferimento sicuro per approfondire gli argomenti di base e mettere a disposizione di tutti alcuni testi della tradizione classica, rari o del tutto inediti nel panorama editoriale italiano.<br \/>\nI volumi sono disponibili in vendita nelle maggiori librerie. A Roma, in particolare, presso\u00a0la <strong>Libreria Aseq<\/strong>\u00a0via dei Sediari 10.<br \/>\nSi possono ordinare anche on line su\u00a0<strong>\u00a0<a href=\"http:\/\/www.illibraiodellestelle.com\/\">Il Libraio delle Stelle<\/a>, <a href=\"http:\/\/www.ilgiardinodeilibri.it\">Il Giardino dei Libri<\/a>,\u00a0\u00a0<\/strong>o direttamente presso la sede del Centro Purna Yoga.<\/p>\n<section class=\"portfolios\">\n<div class=\"portfolio_wrap\">\n<ul class=\"portfolio_three_columns with_sidebar portfolio_container\">\n<li class=\"portfolio_item\" data-id=\"1968\" data-type=\"cat-libri\">\n<div class=\"image_styled portfolio_image\"><span class=\"image_frame\" style=\"height:290px\"><a class=\"image_icon_zoom lightbox\"  title=\"Mudra\" href=\"https:\/\/centropurnayoga.it\/yoga\/wp-content\/uploads\/2014\/03\/Mudra_cop2.jpg\" rel=\"portfolio_838\"><img loading=\"lazy\" decoding=\"async\" src=\"https:\/\/centropurnayoga.it\/yoga\/wp-content\/themes\/striking\/includes\/timthumb.php?src=\/wp-content\/uploads\/2014\/03\/Mudra_cop2.jpg&amp;h=290&amp;w=188&amp;zc=1\" width=\"188\" height=\"290\" title=\"Mudra\" alt=\"Mudra\" \/><\/a><\/span><img decoding=\"async\" src=\"https:\/\/centropurnayoga.it\/yoga\/wp-content\/themes\/striking\/images\/image_shadow.png\" class=\"image_shadow\"><\/div>\n<div class=\"portfolio_details\">\n<div class=\"portfolio_title\"><a href=\"https:\/\/centropurnayoga.it\/yoga\/portfolio\/mudra-fuochi-di-coscienza\/\">Mudra<\/a><\/div>\n<div class=\"portfolio_desc\">L\u2019antica tradizione dello Hatha Yoga enumera una classe specifica di tecniche dette Mudr\u00e2 e Bandha, considerate nel loro insieme pratiche essenziali per il risveglio della Kundal\u00ee, l\u2019energia primordiale racchiusa in ogni essere umano, principio vitale dell\u2019individuo e fondamento dell\u2019Universo.  [&#8230;] <\/div>\n<div class=\"portfolio_more_button\"><a href=\"https:\/\/centropurnayoga.it\/yoga\/portfolio\/mudra-fuochi-di-coscienza\/\" target=\"_self\"><span>Continua a leggere \u2192<\/span><\/a><\/div>\n<\/div>\n<\/li>\n<li class=\"portfolio_item\" data-id=\"1047\" data-type=\"cat-libri\">\n<div class=\"image_styled portfolio_image\"><span class=\"image_frame\" style=\"height:290px\"><a class=\"image_icon_zoom lightbox\"  title=\"Dieci sguardi del Sole\" href=\"https:\/\/centropurnayoga.it\/yoga\/wp-content\/uploads\/2012\/05\/diecisguardi.jpg\" rel=\"portfolio_838\"><img loading=\"lazy\" decoding=\"async\" src=\"https:\/\/centropurnayoga.it\/yoga\/wp-content\/themes\/striking\/includes\/timthumb.php?src=\/wp-content\/uploads\/2012\/05\/diecisguardi.jpg&amp;h=290&amp;w=188&amp;zc=1\" width=\"188\" height=\"290\" title=\"Dieci sguardi del Sole\" alt=\"Dieci sguardi del Sole\" \/><\/a><\/span><img decoding=\"async\" src=\"https:\/\/centropurnayoga.it\/yoga\/wp-content\/themes\/striking\/images\/image_shadow.png\" class=\"image_shadow\"><\/div>\n<div class=\"portfolio_details\">\n<div class=\"portfolio_title\"><a href=\"https:\/\/centropurnayoga.it\/yoga\/portfolio\/dieci-sguardi-del-sole\/\">Dieci sguardi del Sole<\/a><\/div>\n<div class=\"portfolio_desc\">Seguendo i principi di un\u2019antica metodica, l\u2019Autore compie un viaggio al centro di alcune grandi tradizioni spirituali che hanno segnato il cammino dell\u2019umanit\u00e0, e che ancora oggi si offrono come vie sicure di crescita interiore [&#8230;] <\/div>\n<div class=\"portfolio_more_button\"><a href=\"https:\/\/centropurnayoga.it\/yoga\/portfolio\/dieci-sguardi-del-sole\/\" target=\"_self\"><span>Continua a leggere \u2192<\/span><\/a><\/div>\n<\/div>\n<\/li>\n<li class=\"portfolio_item\" data-id=\"487\" data-type=\"cat-libri\">\n<div class=\"image_styled portfolio_image\"><span class=\"image_frame\" style=\"height:290px\"><a class=\"image_icon_zoom lightbox\"  title=\"Joga Pradipaka\" href=\"https:\/\/centropurnayoga.it\/yoga\/wp-content\/uploads\/2012\/02\/pradipaka.jpg\" rel=\"portfolio_838\"><img loading=\"lazy\" decoding=\"async\" src=\"https:\/\/centropurnayoga.it\/yoga\/wp-content\/themes\/striking\/includes\/timthumb.php?src=\/wp-content\/uploads\/2012\/02\/pradipaka.jpg&amp;h=290&amp;w=188&amp;zc=1\" width=\"188\" height=\"290\" title=\"Joga Pradipaka\" alt=\"Joga Pradipaka\" \/><\/a><\/span><img decoding=\"async\" src=\"https:\/\/centropurnayoga.it\/yoga\/wp-content\/themes\/striking\/images\/image_shadow.png\" class=\"image_shadow\"><\/div>\n<div class=\"portfolio_details\">\n<div class=\"portfolio_title\"><a href=\"https:\/\/centropurnayoga.it\/yoga\/portfolio\/joga-pradipaka\/\">Joga Pradipaka<\/a><\/div>\n<div class=\"portfolio_desc\">\u00c8 un manoscritto di Yoga redatto in lingua Hindi nel 1700, ritrovato dal dott. M.L. Gharote, studioso e ricercatore instancabile di testi antichi, che lo ha tradotto in lingua inglese. Il Centro Purna Yoga ha voluto curare una ulteriore edizione dell\u2019opera, permettendo l\u2019uscita del libro in lingua italiana [&#8230;] <\/div>\n<div class=\"portfolio_more_button\"><a href=\"https:\/\/centropurnayoga.it\/yoga\/portfolio\/joga-pradipaka\/\" target=\"_self\"><span>Continua a leggere \u2192<\/span><\/a><\/div>\n<\/div>\n<\/li>\n<li class=\"portfolio_item\" data-id=\"483\" data-type=\"cat-libri\">\n<div class=\"image_styled portfolio_image\"><span class=\"image_frame\" style=\"height:290px\"><a class=\"image_icon_zoom lightbox\"  title=\"Tecniche Yoga\" href=\"https:\/\/centropurnayoga.it\/yoga\/wp-content\/uploads\/2012\/02\/tecniche.jpg\" rel=\"portfolio_838\"><img loading=\"lazy\" decoding=\"async\" src=\"https:\/\/centropurnayoga.it\/yoga\/wp-content\/themes\/striking\/includes\/timthumb.php?src=\/wp-content\/uploads\/2012\/02\/tecniche.jpg&amp;h=290&amp;w=188&amp;zc=1\" width=\"188\" height=\"290\" title=\"Tecniche Yoga\" alt=\"Tecniche Yoga\" \/><\/a><\/span><img decoding=\"async\" src=\"https:\/\/centropurnayoga.it\/yoga\/wp-content\/themes\/striking\/images\/image_shadow.png\" class=\"image_shadow\"><\/div>\n<div class=\"portfolio_details\">\n<div class=\"portfolio_title\"><a href=\"https:\/\/centropurnayoga.it\/yoga\/portfolio\/tecniche-yoga\/\">Tecniche Yoga<\/a><\/div>\n<div class=\"portfolio_desc\">Il libro propone una compilazione importantissima degli articoli pubblicati sulla prestigiosa rivista <em>Yoga-mimamsa<\/em> del <em>Kaivalyadh\u00e2ma Istitute<\/em>, pubblicata in India dal 1924. Tali tecniche sono qui illustrate ed arricchite con opportune integrazioni [&#8230;] <\/div>\n<div class=\"portfolio_more_button\"><a href=\"https:\/\/centropurnayoga.it\/yoga\/portfolio\/tecniche-yoga\/\" target=\"_self\"><span>Continua a leggere \u2192<\/span><\/a><\/div>\n<\/div>\n<\/li>\n<li class=\"portfolio_item\" data-id=\"440\" data-type=\"cat-libri\">\n<div class=\"image_styled portfolio_image\"><span class=\"image_frame\" style=\"height:290px\"><a class=\"image_icon_zoom lightbox\"  title=\"Le posizioni classiche dello Yoga\" href=\"https:\/\/centropurnayoga.it\/yoga\/wp-content\/uploads\/2012\/02\/posizioni.jpg\" rel=\"portfolio_838\"><img loading=\"lazy\" decoding=\"async\" src=\"https:\/\/centropurnayoga.it\/yoga\/wp-content\/themes\/striking\/includes\/timthumb.php?src=\/wp-content\/uploads\/2012\/02\/posizioni.jpg&amp;h=290&amp;w=188&amp;zc=1\" width=\"188\" height=\"290\" title=\"Le posizioni classiche dello Yoga\" alt=\"Le posizioni classiche dello Yoga\" \/><\/a><\/span><img decoding=\"async\" src=\"https:\/\/centropurnayoga.it\/yoga\/wp-content\/themes\/striking\/images\/image_shadow.png\" class=\"image_shadow\"><\/div>\n<div class=\"portfolio_details\">\n<div class=\"portfolio_title\"><a href=\"https:\/\/centropurnayoga.it\/yoga\/portfolio\/libretto-2\/\">Le posizioni classiche dello Yoga<\/a><\/div>\n<div class=\"portfolio_desc\">Il volume \u00e8 un commento al primo capitolo della Hathaprad\u00eepik\u00e2. Vuol essere un&#8217;opera che porti a profonde riflessioni sulle proprie esperienze e ad un confronto con quelle dell&#8217;autore. Semplice ma profonda, \u00e8 arricchita da pensieri-poesia, utili agli intuitivi [&#8230;] <\/div>\n<div class=\"portfolio_more_button\"><a href=\"https:\/\/centropurnayoga.it\/yoga\/portfolio\/libretto-2\/\" target=\"_self\"><span>Continua a leggere \u2192<\/span><\/a><\/div>\n<\/div>\n<\/li>\n<li class=\"portfolio_item\" data-id=\"485\" data-type=\"cat-libri\">\n<div class=\"image_styled portfolio_image\"><span class=\"image_frame\" style=\"height:290px\"><a class=\"image_icon_zoom lightbox\"  title=\"Yoga\" href=\"https:\/\/centropurnayoga.it\/yoga\/wp-content\/uploads\/2012\/02\/yoga.jpg\" rel=\"portfolio_838\"><img loading=\"lazy\" decoding=\"async\" src=\"https:\/\/centropurnayoga.it\/yoga\/wp-content\/themes\/striking\/includes\/timthumb.php?src=\/wp-content\/uploads\/2012\/02\/yoga.jpg&amp;h=290&amp;w=188&amp;zc=1\" width=\"188\" height=\"290\" title=\"Yoga\" alt=\"Yoga\" \/><\/a><\/span><img decoding=\"async\" src=\"https:\/\/centropurnayoga.it\/yoga\/wp-content\/themes\/striking\/images\/image_shadow.png\" class=\"image_shadow\"><\/div>\n<div class=\"portfolio_details\">\n<div class=\"portfolio_title\"><a href=\"https:\/\/centropurnayoga.it\/yoga\/portfolio\/yoga\/\">Yoga<\/a><\/div>\n<div class=\"portfolio_desc\">\u00c8 un testo interessantissimo, ricco di preziosi insegnamenti atti a fornire un&#8217;introduzione ed una preparazione alla disciplina Yoga in ogni aspetto fisico, mentale e spirituale. Di rara praticit\u00e0, quest&#8217;opera \u00e8 molto utile sia per i principianti che per gli esperti. [&#8230;] <\/div>\n<div class=\"portfolio_more_button\"><a href=\"https:\/\/centropurnayoga.it\/yoga\/portfolio\/yoga\/\" target=\"_self\"><span>Continua a leggere \u2192<\/span><\/a><\/div>\n<\/div>\n<\/li>\n<li class=\"portfolio_item\" data-id=\"1039\" data-type=\"cat-libri\">\n<div class=\"image_styled portfolio_image\"><span class=\"image_frame\" style=\"height:290px\"><a class=\"image_icon_zoom lightbox\"  title=\"Il Tessuto dell&#8217;Universo\" href=\"https:\/\/centropurnayoga.it\/yoga\/wp-content\/uploads\/2020\/01\/cop-Tess-Uni.jpg\" rel=\"portfolio_838\"><img loading=\"lazy\" decoding=\"async\" src=\"https:\/\/centropurnayoga.it\/yoga\/wp-content\/themes\/striking\/includes\/timthumb.php?src=\/wp-content\/uploads\/2020\/01\/cop-Tess-Uni.jpg&amp;h=290&amp;w=188&amp;zc=1\" width=\"188\" height=\"290\" title=\"Il Tessuto dell&#8217;Universo\" alt=\"Il Tessuto dell&#8217;Universo\" \/><\/a><\/span><img decoding=\"async\" src=\"https:\/\/centropurnayoga.it\/yoga\/wp-content\/themes\/striking\/images\/image_shadow.png\" class=\"image_shadow\"><\/div>\n<div class=\"portfolio_details\">\n<div class=\"portfolio_title\"><a href=\"https:\/\/centropurnayoga.it\/yoga\/portfolio\/il-tessuto-delluniverso-2\/\">Il Tessuto dell&#8217;Universo<\/a><\/div>\n<div class=\"portfolio_desc\">La forza dello Yoga sta nell\u2019offrire all\u2019essere umano la conquista di se stesso, della sua pienezza fisica, energetica e mentale, fino all\u2019essenza pi\u00f9 profonda. \u00c8 una disciplina evolutiva la cui origine si perde nel mito [&#8230;] <\/div>\n<div class=\"portfolio_more_button\"><a href=\"https:\/\/centropurnayoga.it\/yoga\/portfolio\/il-tessuto-delluniverso-2\/\" target=\"_self\"><span>Continua a leggere \u2192<\/span><\/a><\/div>\n<\/div>\n<\/li>\n<\/ul>\n<\/div>\n<\/section>\n<div class=\"notice\">\n<div class=\"message_box_content\">Per gli iscritti alla Scuola segnaliamo la disponibilit\u00e0 di opere molto importanti tradotte dall&#8217;edizione in inglese del Kaivalyadhama Institute di Lonavla (India).\u00a0Si tratta del <strong>GORAKSHA-SHATAKAM<\/strong>, del <strong>PRANAYAMA<\/strong>, dello <strong>SMARTAYOGA<\/strong>, del <strong>BRHADYOGIYAJNAVALKYASMRTI<\/strong>, dello <strong>AMRTASIDDHIYOGAH<\/strong>\u00a0e dello <strong>YOGABIJA<\/strong>. \u00c8 in preparazione un <strong>GLOSSARIO<\/strong> dei termini in uso\u00a0su Patanjali Yoga Sutra<strong>,\u00a0<\/strong>Hathapradipika, Gheranda Samhita, Satkarmasangraha.<\/div>\n<div class=\"clearboth\"><\/div>\n<\/div>\n<p> Sono inoltre disponibili, su richiesta, le seguenti pubblicazioni: <strong>Per lo Yoga<\/strong> \u2022 YOGA SUKSMA VYAYAMA di Dhirendra Brahmachari \u2022 MAHA MUDRA di Swami Kuvalayananda (tratto da Yoga Mimamsa) \u2022 YOGA VISAYA &#8211; MACHINDRA GORASA BODH &#8211; Testi dello Hatha Yoga \u2022 SAGGI YOGA &#8211; Compendio di saggi e delle attivit\u00e0 del Centro Purna Yoga dal 1975 al 1992 \u2022 YOGA PRADIPA NEWS &#8211; Pubblicazione dell\u2019Istituto Yoga di Lonavla, India (in inglese). <strong>Per la cultura dei Nativi Americani<\/strong> \u2022 IL POPOLO DELL\u2019ISOLA DELLA TARTARUGA &#8211; Introduzione al pensiero\u00a0dei Nativi Americani, 1994 \u2022 IL POPOLO DELLA TARTARUGA &#8211; Tradizioni dei Nativi Americani, 1998. <strong>Per il Tai Chi Chuan<\/strong> \u2022 SAGGI SUL TAI CHI (vedi apposito spazio alla pagina \u201cI Corsi\u201d) \u2022 TAIJIQUAN &#8211; ANTICHE SCRITTURE TAOISTE.<\/p>\n","protected":false},"excerpt":{"rendered":"<p>Le opere che presentiamo sono il frutto del lavoro appassionato di ricercatori e studiosi della disciplina Yoga, in alcuni casi su fonti manoscritte originarie, nell\u2019intento di offrire agli interessati un riferimento sicuro per approfondire gli argomenti di base e mettere a disposizione di tutti alcuni testi della tradizione classica, rari o del tutto inediti nel &#91;&#8230;&#93;<\/p>\n","protected":false},"author":1,"featured_media":0,"parent":0,"menu_order":0,"comment_status":"open","ping_status":"closed","template":"template_leftsidebar.php","meta":{"footnotes":""},"class_list":["post-12","page","type-page","status-publish","hentry"],"_links":{"self":[{"href":"https:\/\/centropurnayoga.it\/yoga\/wp-json\/wp\/v2\/pages\/12","targetHints":{"allow":["GET"]}}],"collection":[{"href":"https:\/\/centropurnayoga.it\/yoga\/wp-json\/wp\/v2\/pages"}],"about":[{"href":"https:\/\/centropurnayoga.it\/yoga\/wp-json\/wp\/v2\/types\/page"}],"author":[{"embeddable":true,"href":"https:\/\/centropurnayoga.it\/yoga\/wp-json\/wp\/v2\/users\/1"}],"replies":[{"embeddable":true,"href":"https:\/\/centropurnayoga.it\/yoga\/wp-json\/wp\/v2\/comments?post=12"}],"version-history":[{"count":27,"href":"https:\/\/centropurnayoga.it\/yoga\/wp-json\/wp\/v2\/pages\/12\/revisions"}],"predecessor-version":[{"id":3310,"href":"https:\/\/centropurnayoga.it\/yoga\/wp-json\/wp\/v2\/pages\/12\/revisions\/3310"}],"wp:attachment":[{"href":"https:\/\/centropurnayoga.it\/yoga\/wp-json\/wp\/v2\/media?parent=12"}],"curies":[{"name":"wp","href":"https:\/\/api.w.org\/{rel}","templated":true}]}}