{"id":14,"date":"2012-01-21T14:18:14","date_gmt":"2012-01-21T14:18:14","guid":{"rendered":"http:\/\/www.kgfree.com\/yoga\/?page_id=14"},"modified":"2024-10-20T20:18:43","modified_gmt":"2024-10-20T20:18:43","slug":"i-seminari","status":"publish","type":"page","link":"https:\/\/centropurnayoga.it\/yoga\/i-seminari\/","title":{"rendered":"I Seminari"},"content":{"rendered":"<p><span class=\"image_styled\"><span class=\"image_frame\" style=\"width:420px;height:280px\"><a class=\"image_size_custom image_no_link\" title=\"\" href=\"#\"><img loading=\"lazy\" decoding=\"async\" width=\"420\" height=\"280\" alt=\"\" src=\"https:\/\/centropurnayoga.it\/yoga\/wp-content\/themes\/striking\/includes\/timthumb.php?src=\/wp-content\/uploads\/2012\/01\/seminari.jpg&amp;h=280&amp;w=420&amp;zc=1\" \/><\/a><\/span><img decoding=\"async\" class=\"image_shadow\" width=\"422\" src=\"https:\/\/centropurnayoga.it\/yoga\/wp-content\/themes\/striking\/images\/image_shadow.png\"\/><\/span>Nei <strong>Seminari<\/strong> proposti ogni anno dal Maestro Mario U. Verri vengono fornite preziose opportunit\u00e0 di arricchimento ed approfondimento della disciplina Yoga. Costituiscono autentici momenti d&#8217;immersione e riflessione in una &#8220;Realt\u00e0 Vasta&#8221; in genere non percepibile, dove \u00e8 possibile accostarsi pi\u00f9 profondamente alla Fonte del nostro Essere. Rappresentano, quindi, momenti unici ed irripetibili di &#8220;Conoscenza Suprema&#8221; per tutti coloro che gi\u00e0 frequentano un Corso regolare di Yoga o che intendono accostarsi a questa grande ed antichissima disciplina.<\/p>\n<p>La pratica delle posizioni Yoga (Asana) si integra con i preziosi insegnamenti del Maestro, che come colui che semina un campo, sparge nelle coscienze dei partecipanti semi di antica Saggezza. E&#8217; quindi necessario comprendere profondamente l&#8217;aspetto particolare di questi <strong>Seminari<\/strong>, la loro Sacralit\u00e0, intesa nella sua accezione pi\u00f9 ampia e per tale ragione occorre parteciparvi con la massima disponibilit\u00e0 ed apertura, abolendo chiusure ed egocentrismi. Attraverso la totale unione e condivisione con il Maestro ed il Gruppo, non tarderanno a sbocciare sul terreno delle nostre anime i fiori rari e profumati della CONSAPEVOLEZZA.<\/p>\n","protected":false},"excerpt":{"rendered":"<p>Nei Seminari proposti ogni anno dal Maestro Mario U. Verri vengono fornite preziose opportunit\u00e0 di arricchimento ed approfondimento della disciplina Yoga. Costituiscono autentici momenti d&#8217;immersione e riflessione in una &#8220;Realt\u00e0 Vasta&#8221; in genere non percepibile, dove \u00e8 possibile accostarsi pi\u00f9 profondamente alla Fonte del nostro Essere. Rappresentano, quindi, momenti unici ed irripetibili di &#8220;Conoscenza Suprema&#8221; &#91;&#8230;&#93;<\/p>\n","protected":false},"author":1,"featured_media":0,"parent":0,"menu_order":0,"comment_status":"open","ping_status":"closed","template":"template_leftsidebar.php","meta":{"footnotes":""},"class_list":["post-14","page","type-page","status-publish","hentry"],"_links":{"self":[{"href":"https:\/\/centropurnayoga.it\/yoga\/wp-json\/wp\/v2\/pages\/14","targetHints":{"allow":["GET"]}}],"collection":[{"href":"https:\/\/centropurnayoga.it\/yoga\/wp-json\/wp\/v2\/pages"}],"about":[{"href":"https:\/\/centropurnayoga.it\/yoga\/wp-json\/wp\/v2\/types\/page"}],"author":[{"embeddable":true,"href":"https:\/\/centropurnayoga.it\/yoga\/wp-json\/wp\/v2\/users\/1"}],"replies":[{"embeddable":true,"href":"https:\/\/centropurnayoga.it\/yoga\/wp-json\/wp\/v2\/comments?post=14"}],"version-history":[{"count":3,"href":"https:\/\/centropurnayoga.it\/yoga\/wp-json\/wp\/v2\/pages\/14\/revisions"}],"predecessor-version":[{"id":1893,"href":"https:\/\/centropurnayoga.it\/yoga\/wp-json\/wp\/v2\/pages\/14\/revisions\/1893"}],"wp:attachment":[{"href":"https:\/\/centropurnayoga.it\/yoga\/wp-json\/wp\/v2\/media?parent=14"}],"curies":[{"name":"wp","href":"https:\/\/api.w.org\/{rel}","templated":true}]}}