{"id":1684,"date":"2012-01-21T14:16:48","date_gmt":"2012-01-21T14:16:48","guid":{"rendered":"http:\/\/www.kgfree.com\/yoga\/?page_id=4"},"modified":"2014-09-17T18:14:26","modified_gmt":"2014-09-17T18:14:26","slug":"la-scuola","status":"publish","type":"page","link":"https:\/\/centropurnayoga.it\/yoga\/la-scuola\/","title":{"rendered":"La Scuola"},"content":{"rendered":"<figure id=\"image_5305\" class=\"image_styled alignleft\" style=\"width:362px\">\n\t\t<div class=\"image_frame effect-icon\"><div class=\"image_shadow_wrap\">\n\t\t<a class=\"image_size_medium image_no_link\" title=\"Vishnu\" href=\"#\"><img decoding=\"async\" class=\"image-frame\" style = \" height:382px;\" alt=\"Vishnu\" src=\"https:\/\/centropurnayoga.it\/yoga\/wp-content\/uploads\/strikingr\/images\/183_vishnu-360x382.jpg\" data-theme-retina-image=\"false\"  data-thumbnail=\"183\" data-thumbnail-class=\"czozOiIxODMiOw==\" width=\"362\" height=\"382\" \/><\/a>\n\t\t<\/div><\/div><\/figure>L\u2019<strong>Associazione Purna Yoga<\/strong>, creata a Roma nel 1973, opera per l\u2019insegnamento, l\u2019approfondimento e la diffusione della disciplina Yoga attraverso attivit\u00e0 formative, editoriali e seminariali volte al benessere e all\u2019evoluzione individuale. Senza preclusione alcuna, il Centro offre a chiunque lo desideri sinceramente la grande esperienza maturata in questi decenni di pratica e studio.<\/p>\n<p>L&#8217;insegnamento della Scuola poggia sulla forza delle tradizioni pi\u00f9 antiche, trasmesse nella loro integrit\u00e0 e attualizzate nell\u2019ambito delle moderne conoscenze scientifiche e mediche. La metodologia di lavoro si basa sullo studio e l\u2019esperienza pratica dei canoni classici dello Yoga, spaziando gradualmente dal piano fisico a quello energetico, mentale e meditativo, con l\u2019obiettivo di una piena e profonda maturazione interiore, nel rispetto dell\u2019unicit\u00e0 di ogni essere umano. Accanto allo Yoga, il Centro accoglie anche il patrimonio di altre tradizioni che si sono offerte all\u2019uomo come vie evolutive, quali la millenaria arte del Tai-Chi e del Qi Gong, il Tantra, il Buddismo tibetano, la mistica europea e la saggezza dei popoli amerindi. \u00c8 attivo per questo un corso di Tai-Chi che da anni si aggiunge alle lezioni di Yoga e che ha portato all\u2019organizzazione di raduni dedicati a questa attivit\u00e0.<\/p>\n<p>Nel campo editoriale, l\u2019Associazione cura la pubblicazione di testi di approfondimento sullo Yoga classico, accanto alla stampa di opere tradizionali rare o inedite per l\u2019Italia, mentre ad uso dei soli iscritti viene offerta una rivista timestrale che espande i temi dell\u2019insegnamento e vuol essere una fonte di stimoli per i ricercatori pi\u00f9 appassionati.<br \/>\nLe attivit\u00e0 del Centro si completano con un seminario annuale di teoria e pratica Yoga, che offre ai partecipanti l\u2019opportunit\u00e0 di riunirsi per alcuni giorni in un luogo adatto, lontani dalle sollecitazioni, per immergersi nella profondit\u00e0 delle pratiche con maggiore intensit\u00e0 ed estendere i benefici della disciplina ad ogni momento della giornata.<\/p>\n<p><img decoding=\"async\" class=\"alignleft size-full wp-image-194\" title=\"Lonavla \" src=\"https:\/\/centropurnayoga.it\/yoga\/wp-content\/uploads\/2012\/01\/logolonavla.gif\" alt=\"Lonavla Yoga Institute\" width=\"77\" height=\"77\" \/>Oggi il Centro Purna Yoga \u00e8 la sede italiana del prestigioso <em><a href=\"http:\/\/www.lonavalayoga.org\/\" target=\"_blank\"> Lonavla Yoga Institute of India<\/a><\/em> fondato nel 1996 dal dr. Manohar L. Gharote e attualmente diretto dal figlio dr. Manmath M. Gharote.<\/p>\n","protected":false},"excerpt":{"rendered":"<p>L\u2019Associazione Purna Yoga, creata a Roma nel 1973, opera per l\u2019insegnamento, l\u2019approfondimento e la diffusione della disciplina Yoga attraverso attivit\u00e0 formative, editoriali e seminariali volte al benessere e all\u2019evoluzione individuale. Senza preclusione alcuna, il Centro offre a chiunque lo desideri sinceramente la grande esperienza maturata in questi decenni di pratica e studio. L&#8217;insegnamento della Scuola &#8230;<\/p>\n","protected":false},"author":1,"featured_media":0,"parent":0,"menu_order":0,"comment_status":"open","ping_status":"closed","template":"template_leftsidebar.php","meta":{"footnotes":""},"class_list":["post-1684","page","type-page","status-publish","hentry"],"_links":{"self":[{"href":"https:\/\/centropurnayoga.it\/yoga\/wp-json\/wp\/v2\/pages\/1684","targetHints":{"allow":["GET"]}}],"collection":[{"href":"https:\/\/centropurnayoga.it\/yoga\/wp-json\/wp\/v2\/pages"}],"about":[{"href":"https:\/\/centropurnayoga.it\/yoga\/wp-json\/wp\/v2\/types\/page"}],"author":[{"embeddable":true,"href":"https:\/\/centropurnayoga.it\/yoga\/wp-json\/wp\/v2\/users\/1"}],"replies":[{"embeddable":true,"href":"https:\/\/centropurnayoga.it\/yoga\/wp-json\/wp\/v2\/comments?post=1684"}],"version-history":[{"count":5,"href":"https:\/\/centropurnayoga.it\/yoga\/wp-json\/wp\/v2\/pages\/1684\/revisions"}],"predecessor-version":[{"id":2950,"href":"https:\/\/centropurnayoga.it\/yoga\/wp-json\/wp\/v2\/pages\/1684\/revisions\/2950"}],"wp:attachment":[{"href":"https:\/\/centropurnayoga.it\/yoga\/wp-json\/wp\/v2\/media?parent=1684"}],"curies":[{"name":"wp","href":"https:\/\/api.w.org\/{rel}","templated":true}]}}