{"id":1685,"date":"2012-01-21T14:17:05","date_gmt":"2012-01-21T14:17:05","guid":{"rendered":"http:\/\/www.kgfree.com\/yoga\/?page_id=6"},"modified":"2025-06-13T16:58:25","modified_gmt":"2025-06-13T16:58:25","slug":"il-maestro","status":"publish","type":"page","link":"https:\/\/centropurnayoga.it\/yoga\/il-maestro\/","title":{"rendered":"Il Maestro"},"content":{"rendered":"<p><strong><figure id=\"image_5034\" class=\"image_styled\" style=\"width:352px\">\n\t\t<div class=\"image_frame effect-icon\"><div class=\"image_shadow_wrap\">\n\t\t<a class=\"image_size_medium image_no_link\" title=\"\" href=\"#\"><img decoding=\"async\" class=\"image-frame\" style = \" height:180px;\" alt=\"\" src=\"https:\/\/centropurnayoga.it\/yoga\/wp-content\/uploads\/strikingr\/images\/220_maestro1-350x180.jpg\" data-theme-retina-image=\"false\"  data-thumbnail=\"220\" data-thumbnail-class=\"czozOiIyMjAiOw==\" width=\"352\" height=\"180\" \/><\/a>\n\t\t<\/div><\/div><\/figure>\nMario U. Verri<\/strong>,\u00a0maestro di Yoga e Tantra, insegna a Roma dal 1972 e dal 1973 ha fondato e dirige il Centro Purna Yoga, scuola di discipline orientali con precisi intenti didattici ed educativi, nella ferma convinzione che attraverso lo Yoga \u00e8 possibile risvegliare la coscienza individuale fino a rendere l&#8217;uomo padrone di s\u00e9.<br \/>\nDai numerosi viaggi e soggiorni presso gli ashram pi\u00f9 qualificati dell\u2019India, ha potuto attingere le conoscenze classiche di diverse scuole hindu, accogliendo ogni contributo utile a ritrovare l\u2019originaria purezza degli insegnamenti.<br \/>\nIl Maestro pratica e insegna anche discipline prossime allo Yoga come il Tai-Ji e il Qi Gong, ed \u00e8 cultore della spiritualit\u00e0 dei nativi amerindiani e di altri antichi percorsi di conoscenza. Tali discipline permettono di dare &#8220;respiro&#8221; allo stesso Yoga.<br \/>\nOltre ai corsi in sede promuove seminari di approfondimento, corsi di formazione per insegnanti e svolge attivit\u00e0 di conferenziere.<br \/>\n\u00c8 referente per l\u2019Italia del <strong>Lonavla Yoga Institute<\/strong> di Bombay (India) e dal 2005 \u00e8 membro permanente del suo Consiglio di Consulenza.<br \/>\nHa curato la pubblicazione di opere della tradizione classica ed \u00e8 direttore della collana <em>Pagine del Loto <\/em>per l\u2019editrice Sovera Multimedia di Roma.<\/p>\n<p style=\"font-size: 12px;\"><em><span class=\"icon_text icon_tag orange\">Nel periodo di attivit\u00e0 del Centro, il Maestro Verri \u00e8 normalmente disponibile per un colloquio nei giorni di luned\u00ec, marted\u00ec, gioved\u00ec e venerd\u00ec dalle ore 18,30 alle ore 19.00<\/em><\/span> \u00a0<div class=\"three_fourth last\"><div class=\"success\"><div class=\"message_box_content\"><p style=\"font-size: 11px; margin-left: 68px; line-height: 22px;\">La Direzione del <strong>Lonavla Yoga Institute (India)<\/strong> ha deciso di creare un <strong>Consiglio di Consulenza<\/strong>, composto da eminenti personalit\u00e0 nel campo dello Yoga, che sono state strettamente collegate al Dott. M.L. Gharote, con l&#8217;intenzione di promuovere le attivit\u00e0 e realizzare gli obiettivi dell\u2019Istituto. I nomi dei Membri del Consiglio di Consulenza sono i seguenti: <strong>Dott. Alicia Souto<\/strong>, Argentina, Direttore Accademico del L.Y. I. (India) <strong>Dott. Vijay Pratap<\/strong>, India <strong>Dott. Leopoldo Chariarse<\/strong>, Germania <strong>Dott. M. V. Bhole<\/strong>, India <strong>Dott. Samprasad Vinod<\/strong>, India <strong>Dott. Pedro De Vicente<\/strong>, Spagna <strong>Prof. Marcos Rojo Rodrigues<\/strong>, Brasile <strong>Sig. Kavee Kongpakdeepong<\/strong>, Thailandia <strong>Sig. Mario Verri,<\/strong> Italia <strong>Sig. Hiroshi Aikata<\/strong>, Giappone, Coordinatore per l\u2019Asia del L. Y. I. (India)<\/p>\n<p><em><a style=\"font-size: 11px; margin-left: 68px;\">&#8211; Tratto da \u201cYogapradipa\u201d, Marzo 2005, pag. 25<\/a><\/em><div class=\"message_box_space\"><\/div><\/div><\/div><\/div><div class=\"clearboth\"><\/div>\n","protected":false},"excerpt":{"rendered":"<p>Mario U. Verri,\u00a0maestro di Yoga e Tantra, insegna a Roma dal 1972 e dal 1973 ha fondato e dirige il Centro Purna Yoga, scuola di discipline orientali con precisi intenti didattici ed educativi, nella ferma convinzione che attraverso lo Yoga \u00e8 possibile risvegliare la coscienza individuale fino a rendere l&#8217;uomo padrone di s\u00e9. Dai numerosi &#8230;<\/p>\n","protected":false},"author":1,"featured_media":0,"parent":0,"menu_order":0,"comment_status":"open","ping_status":"closed","template":"template_leftsidebar.php","meta":{"footnotes":""},"class_list":["post-1685","page","type-page","status-publish","hentry"],"_links":{"self":[{"href":"https:\/\/centropurnayoga.it\/yoga\/wp-json\/wp\/v2\/pages\/1685","targetHints":{"allow":["GET"]}}],"collection":[{"href":"https:\/\/centropurnayoga.it\/yoga\/wp-json\/wp\/v2\/pages"}],"about":[{"href":"https:\/\/centropurnayoga.it\/yoga\/wp-json\/wp\/v2\/types\/page"}],"author":[{"embeddable":true,"href":"https:\/\/centropurnayoga.it\/yoga\/wp-json\/wp\/v2\/users\/1"}],"replies":[{"embeddable":true,"href":"https:\/\/centropurnayoga.it\/yoga\/wp-json\/wp\/v2\/comments?post=1685"}],"version-history":[{"count":6,"href":"https:\/\/centropurnayoga.it\/yoga\/wp-json\/wp\/v2\/pages\/1685\/revisions"}],"predecessor-version":[{"id":3235,"href":"https:\/\/centropurnayoga.it\/yoga\/wp-json\/wp\/v2\/pages\/1685\/revisions\/3235"}],"wp:attachment":[{"href":"https:\/\/centropurnayoga.it\/yoga\/wp-json\/wp\/v2\/media?parent=1685"}],"curies":[{"name":"wp","href":"https:\/\/api.w.org\/{rel}","templated":true}]}}